{"id":406,"date":"2015-06-11T19:22:09","date_gmt":"2015-06-11T18:22:09","guid":{"rendered":"http:\/\/www.mediresor.se\/?page_id=406"},"modified":"2016-03-21T11:56:22","modified_gmt":"2016-03-21T11:56:22","slug":"rindade-suurendamine","status":"publish","type":"page","link":"https:\/\/www.mediresor.se\/et\/rindade-suurendamine\/","title":{"rendered":"Rindade suurendamine"},"content":{"rendered":"<h1 class=\"western\">Rindade suurendamine*<\/h1>\n<p>Rindade suurendamine (breast augmentation) on sagedasemaid teostatavaid esteetilisi operatsioone maailmas. Protseduuri ajalugu ulatub aastasse 1895, kui rindasid p\u00fc\u00fcti suurndada rasvkasvajaga. T\u00e4na on enamlevinud rindade suurendamise meetodiks silikonproteeside kasutamine.<\/p>\n<p>P\u00f5hjused, miks valida rindade suurendamise operatsioon, on iga naise puhul erinevad. Sagedamateks n\u00e4idustusteks on soov parandada oma rindade kuju ja suurust, s\u00fcmmeetriat; samuti v\u00f5imaldab rinnasuurendusoperatsioon korrigeerida rindade v\u00e4limust kaalumuutuste, raseduse ja imetamise j\u00e4rgse taandarengu ning v\u00e4hese rindade vajumise (ptoosi) korral.<\/p>\n<p>Kui aastaid on otsitud soseid silikonimplantaatide ja v\u00f5imalike nende poolt tekitatud haiguste vahel, siis laialdased teaduslikud uuringud pole suutnud t\u00f5estada seost silikonist proteeside ja s\u00fcsteemsete, autoimmuunsete haiguste vahel. Samuti ei kujuta silikonproteesid endast ohtu lootele.<\/p>\n<p>Samuti ei suurenda silikonproteeside olemasolu naise v\u00f5imalust haigestuda rinnav\u00e4hki ega sega varast rinnav\u00e4hi diagnostikat, kuigi teatud juhtudel v\u00f5ib olla raskendatud kogu rinnan\u00e4\u00e4rme kuvamine mammograafilisel uuringul.<\/p>\n<p><strong>Operatsioonieelne konsultatsioon<br \/>\n<\/strong>Selgitatakse v\u00e4lja patsiendi ootused ja v\u00f5imalus neid soove teostada. R\u00e4\u00e4gitakse patsiendi tervislikust taustast, eelk\u00f5ige on oluline rinna haiguseid puudutav, selgitatakse tarvitatavad ravimid. Operatsioonieelne rinnauuringute vajadus (mammograafia) selgitatakse iga patsiendi puhul individuaalselt.<\/p>\n<p>Patsiendi l\u00e4bivaatusel teostatakse rindkere ja rinnan\u00e4\u00e4rmete uuring (as\u00fcmmeetriad, rindade vajumine, nibukompleksi asetus), hinnatakse naha kvaliteet. Haigusloo jaoks tehakse patsiendi rindadest fotod. Viimaks teostatakse rindade m\u00f5\u00f5tmised planeerimaks parim implantaatide valik konkreetse patsiendi jaoks; samuti planeeritakse haava (ja hilisema armi) asukoht ja proteesi asetus rinnan\u00e4\u00e4rme suhtes.<\/p>\n<p><b>Operatsioon<\/b><\/p>\n<p>Operatsioon teostatakse \u00fcldnarkoosis ja kestab tavaliselt 1 tund.<\/p>\n<p><strong>Taastumine<\/strong><\/p>\n<p><a name=\"__mceDel\"><\/a><em>Patsient lubatakse koju operatsioonij\u00e4rgsel hommikul.<\/em><\/p>\n<p>Taastumine on iga patsiendi puhul individuaalne. Operatsioonij\u00e4rgne valuravi on vajalik esimestel p\u00e4evadel, kuna koetraumast on tekkinud turse, samuti p\u00f5hjustab valu rinnalihase venitus, kui proteesid on asetatud lihase alla.* Haavad on kaetud haavateipide ja plaastritega kuni 2 n\u00e4dalat, misj\u00e4rel alustatakse armiraviga. Toetava rinnahoidja kandmise vajadus on individuaalne, kindlasti pole operatsiooni j\u00e4rgselt soovitav kanda tugikaartega (<i>push-up<\/i>) rinnahoidjaid. Operatsiooni j\u00e4rgselt alustatakse ka rindade massaa\u017eiga. Esimestel n\u00e4dalatel peale operatsiooni on soovitav v\u00e4ltida rasket f\u00fc\u00fcsilist koormust.<\/p>\n<p><strong>V\u00f5imalikud riskid<\/strong><br \/>\nVahetult operatsiooni j\u00e4rgselt on v\u00f5imalik turse, ebamugavustunne, nibu tundlikkuse muutused, nahaalused verevalumid. Verevalumi t\u00f5ttu, mis on tekkinud proteesi \u00fcmber v\u00f5ib olla vajalik kordusoperatsioon. Hilisemaks v\u00f5imalikuks probleemiks v\u00f5ib olla p\u00f5letik. V\u00f5imalik on kapsli (sidekoeline kott proteesi \u00fcmber) kokkut\u00f5mbumine, sellest tingitud valu ja rinna kuju muutused. Aja jooksul v\u00f5ib tekkida silikoni leke proteesist, samuti proteesi rebenemine.<\/p>\n<p>&nbsp;<\/p>\n<p>&nbsp;<\/p>\n<p>*\u00a0Antud tekstis toodud n\u00e4ited on individuaalsed ja tulemused v\u00f5ivad erineda erinevate patsientide puhul. V\u00f5ta \u00fchendust arstiga t\u00e4psema informatsiooni saamiseks.<\/p>\n","protected":false},"excerpt":{"rendered":"<p>Rindade suurendamine* Rindade suurendamine (breast augmentation) on sagedasemaid teostatavaid esteetilisi operatsioone maailmas. Protseduuri ajalugu ulatub aastasse 1895, kui rindasid p\u00fc\u00fcti suurndada rasvkasvajaga. T\u00e4na on enamlevinud rindade suurendamise meetodiks silikonproteeside kasutamine. P\u00f5hjused, miks valida rindade suurendamise operatsioon, on iga naise puhul erinevad. Sagedamateks n\u00e4idustusteks on soov parandada oma rindade kuju ja suurust, s\u00fcmmeetriat; samuti v\u00f5imaldab rinnasuurendusoperatsioon&hellip; <a class=\"read-more\" href=\"https:\/\/www.mediresor.se\/et\/rindade-suurendamine\/\">Read More<\/a><\/p>\n","protected":false},"author":1,"featured_media":0,"parent":0,"menu_order":0,"comment_status":"open","ping_status":"closed","template":"page-rightsidebar2.php","meta":{"footnotes":""},"class_list":["post-406","page","type-page","status-publish","hentry"],"_links":{"self":[{"href":"https:\/\/www.mediresor.se\/et\/wp-json\/wp\/v2\/pages\/406","targetHints":{"allow":["GET"]}}],"collection":[{"href":"https:\/\/www.mediresor.se\/et\/wp-json\/wp\/v2\/pages"}],"about":[{"href":"https:\/\/www.mediresor.se\/et\/wp-json\/wp\/v2\/types\/page"}],"author":[{"embeddable":true,"href":"https:\/\/www.mediresor.se\/et\/wp-json\/wp\/v2\/users\/1"}],"replies":[{"embeddable":true,"href":"https:\/\/www.mediresor.se\/et\/wp-json\/wp\/v2\/comments?post=406"}],"version-history":[{"count":4,"href":"https:\/\/www.mediresor.se\/et\/wp-json\/wp\/v2\/pages\/406\/revisions"}],"predecessor-version":[{"id":745,"href":"https:\/\/www.mediresor.se\/et\/wp-json\/wp\/v2\/pages\/406\/revisions\/745"}],"wp:attachment":[{"href":"https:\/\/www.mediresor.se\/et\/wp-json\/wp\/v2\/media?parent=406"}],"curies":[{"name":"wp","href":"https:\/\/api.w.org\/{rel}","templated":true}]}}