{"id":445,"date":"2015-04-24T21:03:50","date_gmt":"2015-04-24T20:03:50","guid":{"rendered":"http:\/\/www.mediresor.se\/hinnat-2\/"},"modified":"2024-02-15T07:31:52","modified_gmt":"2024-02-15T07:31:52","slug":"hinnad","status":"publish","type":"page","link":"https:\/\/www.mediresor.se\/et\/hinnad\/","title":{"rendered":"Hinnad"},"content":{"rendered":"<p>Uuendatud 15.2.2024<\/p>\n<h1>\u00dcldkirurgia<\/h1>\n<p><span style=\"font-size: medium;\">Paketihind sisaldab: vereanal\u00fc\u00fcsid, anesteesia, operatsioon Tallinnas<\/span><\/p>\n<table border=\"1\" width=\"100%\" cellspacing=\"0\" cellpadding=\"0\">\n<thead>\n<tr>\n<td valign=\"middle\"><\/td>\n<td><\/td>\n<td><\/td>\n<\/tr>\n<\/thead>\n<tbody>\n<tr style=\"background-color: #b0afaf; color: #fff;\">\n<td style=\"text-align: right;\" colspan=\"3\"><\/td>\n<\/tr>\n<\/tbody>\n<\/table>\n<h2>\u00dclekaalulisuse kirurgia (bariaatriline kirurgia) 2017*<\/h2>\n<p><span style=\"font-size: medium;\">Paketihind sisaldab \u2013 veranal\u00fc\u00fcsid, anesteesia, operatsioon, majutus haiglas<\/span><\/p>\n<table border=\"1\" width=\"100%\" cellspacing=\"0\" cellpadding=\"0\">\n<thead>\n<tr>\n<td>Operatsioon<\/td>\n<td>Paketi hind<\/td>\n<td>J\u00e4relmaks*, 12 kuud<\/td>\n<\/tr>\n<\/thead>\n<tbody>\n<tr>\n<td><\/td>\n<td><\/td>\n<td><\/td>\n<\/tr>\n<tr>\n<td>Vertikaalne maoresektsioon ehk sleeve<\/td>\n<td>alates 5 990\u20ac<\/td>\n<td>599 \u20ac\/kk<\/td>\n<\/tr>\n<tr>\n<td>Maov\u00e4hendusl\u00f5ikus ehk Bypass<\/td>\n<td>alates 5 990\u20ac<\/td>\n<td>599 \u20ac\/kk<\/td>\n<\/tr>\n<tr>\n<td>Maoballoon 6kk<\/td>\n<td>alates 2 850\u20ac<\/td>\n<td>285 \u20ac\/kk<\/td>\n<\/tr>\n<tr style=\"background-color: #b0afaf;\">\n<td style=\"text-align: right;\" colspan=\"3\"><strong><span style=\"color: #ffffff;\">Kirurg dr. R. Adamson<\/span><\/strong><\/td>\n<\/tr>\n<\/tbody>\n<\/table>\n<h2><\/h2>\n<div><\/div>\n<h2>\u00dclekaalulisuse kirurgia (bariaatriline kirurgia) 2016*<\/h2>\n<p><span style=\"font-size: medium;\">Paketihind sisaldab \u2013 veranal\u00fc\u00fcsid, anesteesia, operatsioon, majutus haiglas<\/span><\/p>\n<table style=\"width: 100%; height: 138px;\" border=\"1\" width=\"100%\" cellspacing=\"0\" cellpadding=\"0\">\n<thead>\n<tr style=\"height: 23px;\">\n<td style=\"height: 23px;\">Operatsioon<\/td>\n<td style=\"height: 23px;\">Paketi hind<\/td>\n<td style=\"height: 23px;\">J\u00e4relmaks*, 12 kuud<\/td>\n<\/tr>\n<\/thead>\n<tbody>\n<tr style=\"height: 23px;\">\n<td style=\"height: 23px;\"><span style=\"font-size: medium;\">Maopael<\/span><\/td>\n<td style=\"height: 23px;\">alates\u00a04 550 \u20ac<\/td>\n<td style=\"height: 23px;\">455 \u20ac\/kk<\/td>\n<\/tr>\n<tr style=\"height: 23px;\">\n<td style=\"height: 23px;\">Vertikaalne maoresektsioon ehk sleeve<\/td>\n<td style=\"height: 23px;\">alates\u00a05 944\u20ac<\/td>\n<td style=\"height: 23px;\">594 \u20ac\/kk<\/td>\n<\/tr>\n<tr style=\"height: 23px;\">\n<td style=\"height: 23px;\">Maov\u00e4hendusl\u00f5ikus ehk Bypass<\/td>\n<td style=\"height: 23px;\">alates\u00a05\u00a0944\u20ac<\/td>\n<td style=\"height: 23px;\">594 \u20ac\/kk<\/td>\n<\/tr>\n<tr style=\"height: 23px;\">\n<td style=\"height: 23px;\">Maoballoon 6 kuud<\/td>\n<td style=\"height: 23px;\">alates\u00a02850 \u20ac<\/td>\n<td style=\"height: 23px;\">285 \u20ac\/kk<\/td>\n<\/tr>\n<tr style=\"background-color: #b0afaf;\">\n<td style=\"text-align: right; height: 23px;\" colspan=\"3\"><strong><span style=\"color: #ffffff;\">Kirurg dr. R. Adason<\/span><\/strong><\/td>\n<\/tr>\n<\/tbody>\n<\/table>\n<div>\n<h2>Plastikakirurgia*<\/h2>\n<p><span style=\"font-size: medium;\">Paketihind sisaldab \u2013 veranal\u00fc\u00fcsid, anesteesia, operatsioon, majutus haiglas<\/span><\/p>\n<table border=\"1\" width=\"100%\">\n<thead>\n<tr>\n<td>Operatsioon<\/td>\n<td>Paketi hind<\/td>\n<td>J\u00e4relmaks*, 12 kuud<\/td>\n<\/tr>\n<\/thead>\n<tbody>\n<tr>\n<td>Rindade suurendamine(sisaldab Motiva\u00a0v\u00f5i Polytech\u00a0implantaate)<\/td>\n<td>alates 4390 \u20ac<\/td>\n<td>439 \u20ac\/kk<\/td>\n<\/tr>\n<tr>\n<td>Rasvaimu (\u00fcks piirkond)<\/td>\n<td>alates 1100 \u20ac<\/td>\n<td>110 \u20ac\/kk<\/td>\n<\/tr>\n<tr>\n<td>Rasvaimu (kaks piirkonda)<\/td>\n<td>alates 1990 \u20ac<\/td>\n<td>199\u00a0 \u20ac\/kk<\/td>\n<\/tr>\n<tr>\n<td>Rasvaimu (neli piirkonda)<\/td>\n<td>alates 2890 \u20ac<\/td>\n<td>289 \u20ac\/kk<\/td>\n<\/tr>\n<tr>\n<td>Rasvaimu (kuus piirkonda)<\/td>\n<td>alates 3390 \u20ac<\/td>\n<td>339 \u20ac\/kk<\/td>\n<\/tr>\n<tr>\n<td>Rasvaimu (kaheksa piirkonda)<\/td>\n<td>alates 2950 \u20ac<\/td>\n<td>295 \u20ac\/kk<\/td>\n<\/tr>\n<tr>\n<td>Rasvaimu (kaheksa piirkonda)<\/td>\n<td>alates 3990 \u20ac<\/td>\n<td>399 \u20ac\/kk<\/td>\n<\/tr>\n<tr>\n<td>K\u00f5huseina plastika (abdominoplastika)<\/td>\n<td>\n<p class=\"p1\"><span class=\"s1\">alates\u00a04390 <\/span>\u20ac<\/p>\n<\/td>\n<td>439 \u20ac\/kk<\/td>\n<\/tr>\n<tr>\n<td>Silmalaugude operatsioon (m\u00f5lemad \u00fclalaud)<\/td>\n<td>alates\u00a01490 \u20ac<\/td>\n<td>149 \u20ac\/kk<\/td>\n<\/tr>\n<tr>\n<td>Silmalaugude operatsioon (m\u00f5lemad alalaud)<\/td>\n<td>alates\u00a01690 \u20ac<\/td>\n<td>169 \u20ac\/kk<\/td>\n<\/tr>\n<tr>\n<td>Silmalaugude operatsioon (m\u00f5lemad \u00fcla- ja alalaud)<\/td>\n<td>alates\u00a02800 \u20ac<\/td>\n<td>280 \u20ac\/kk<\/td>\n<\/tr>\n<tr>\n<td>Rindade t\u00f5stmise operatsioon<\/td>\n<td>alates\u00a04390 \u20ac<\/td>\n<td>439 \u20ac\/kk<\/td>\n<\/tr>\n<tr>\n<td>Rindade v\u00e4hendamise operatsioon<\/td>\n<td>alates\u00a04390 \u20ac<\/td>\n<td>439 \u20ac\/kk<\/td>\n<\/tr>\n<tr>\n<td>G\u00fcnekomastia operatsioon<\/td>\n<td>\n<table class=\"pricing-table scroll\">\n<tbody>\n<tr>\n<td>alates\u00a02990\u00a0\u20ac<\/td>\n<\/tr>\n<\/tbody>\n<\/table>\n<\/td>\n<td>299 \u20ac\/kk<\/td>\n<\/tr>\n<tr>\n<td>Sisemiste h\u00e4bememokkade korrigeeriv operatsioon<\/td>\n<td>\n<table class=\"pricing-table scroll\">\n<tbody>\n<tr>\n<td>alates\u00a02890\u00a0\u20ac<\/td>\n<\/tr>\n<\/tbody>\n<\/table>\n<\/td>\n<td>298 \u20ac\/kk<\/td>\n<\/tr>\n<tr>\n<td>Reite plastika<\/td>\n<td>\n<table class=\"pricing-table scroll\">\n<tbody>\n<tr>\n<td>alates\u00a03590 \u20ac<\/td>\n<\/tr>\n<\/tbody>\n<\/table>\n<\/td>\n<td>359 \u20ac\/kk<\/td>\n<\/tr>\n<tr>\n<td>\u00d5lavarreplastika<\/td>\n<td>\n<table class=\"pricing-table scroll\">\n<tbody>\n<tr>\n<td>alates\u00a03190 \u20ac<\/td>\n<\/tr>\n<\/tbody>\n<\/table>\n<\/td>\n<td>319 \u20ac\/kk<\/td>\n<\/tr>\n<tr style=\"background-color: #b0afaf;\">\n<td style=\"text-align: right;\" colspan=\"3\"><\/td>\n<\/tr>\n<\/tbody>\n<\/table>\n<h2>G\u00fcnekoloogia ja uroloogia<\/h2>\n<h1 class=\"western\"><span style=\"font-family: Calibri,serif;\"><span style=\"font-size: medium;\">Pakett sisaldab \u2013 eriarsti konsultatsiooni, ultraheli, vereanal\u00fc\u00fcse, anesteesiat, operatsiooni ja majutust Tallinnas<\/span><\/span><\/h1>\n<table border=\"1\" width=\"100%\" cellspacing=\"0\" cellpadding=\"0\">\n<thead>\n<tr>\n<td>Operatsioon<\/td>\n<td>Paketi hind<\/td>\n<td>J\u00e4relmaks*, 12 kuud<\/td>\n<\/tr>\n<\/thead>\n<tbody>\n<tr>\n<td>Emaka v\u00f5i m\u00fcoomi eemaldamine laparoskoopiliselt<\/td>\n<td>alates 3290\u20ac<\/td>\n<td>329 \u20ac\/kk<\/td>\n<\/tr>\n<tr>\n<td>Emaka allevaje operatsioon<\/td>\n<td>alates\u00a01990\u20ac<\/td>\n<td>199 \u20ac\/kk<\/td>\n<\/tr>\n<tr>\n<td>Munasarja ts\u00fcsti eemaldamine laparoskoopiliselt<\/td>\n<td>alates\u00a01990\u20ac<\/td>\n<td>199 \u20ac\/kk<\/td>\n<\/tr>\n<tr>\n<td>Sterilisatsioon (laparoskoopiliselt)<\/td>\n<td>alates\u00a01990\u20ac<\/td>\n<td>199 \u20ac\/kk<\/td>\n<\/tr>\n<tr>\n<td>Uriinipidamatuse operatsioon (TVT)<\/td>\n<td>alates\u00a02190\u20ac<\/td>\n<td>219 \u20ac\/kk<\/td>\n<\/tr>\n<tr>\n<td>Eesnaha eemaldamine (tsirkumtsiisio)<\/td>\n<td>alates\u00a0809\u20ac.<\/td>\n<\/tr>\n<tr style=\"background-color: #b0afaf;\">\n<td style=\"text-align: right;\" colspan=\"3\"><span style=\"color: #ffffff;\"><strong>G\u00fcnekoloog dr. A. Doba<\/strong><\/span><\/td>\n<\/tr>\n<\/tbody>\n<\/table>\n<div>\n<h1><span style=\"font-size: medium;\">Uuringud<\/span><\/h1>\n<p><span style=\"font-size: medium;\">K\u00f5hu piirkonna ultraheli &#8211; 30 <\/span><span style=\"font-size: medium;\">\u20ac<\/span><\/p>\n<p><span style=\"font-size: medium;\">Kilpn\u00e4\u00e4rme ultraheli &#8211; 35 \u20ac<\/span><\/p>\n<p><span style=\"font-size: medium;\">Mammograafia (\u00fcks rind) &#8211; 29 <\/span><span style=\"font-size: medium;\">\u20ac<\/span><\/p>\n<p><span style=\"font-size: medium;\">Vereanal\u00fc\u00fcsid<\/span><\/p>\n<p><span style=\"font-size: medium;\">CRP (p\u00f5letikun\u00e4itaja) &#8211; <\/span><span style=\"font-size: medium;\">3,90\u00a0\u20ac<\/span><\/p>\n<p><span style=\"font-size: medium;\">Kliiniline veri ja biokeemia<\/span><span style=\"font-size: medium;\">(PVK, CRP, K, Na, Krea) \u2013\u00a029 \u20ac<\/span><\/p>\n<p><span style=\"font-size: medium;\">Suur vereanal\u00fc\u00fcside pakett ( biokeemia, kliiniline veri, maksaanal\u00fc\u00fcsid, trigl\u00fctseriidid) \u2013 49 \u20ac<\/span><\/p>\n<p><span style=\"font-size: medium;\">Kasvajamarkerid (CA19-9, CEA, CA125, AFP) \u2013 49\u00a0\u20ac<\/span><\/p>\n<p><span style=\"font-size: medium;\">*J\u00e4relmaks sisaldab operatsiooni ja eriarsti konsultatsioone emaili teel<\/span><\/p>\n<p><span style=\"font-size: medium;\"><b>Helsingi polikliinik<\/b><\/span><\/p>\n<p><span style=\"color: #000000;\"><span style=\"font-size: medium;\">Kontorimaks (Soome kliinikutes) 14 \u20ac<\/span><\/span><\/p>\n<p><span style=\"font-size: medium;\">Arst vastuv\u00f5tt 44 \u20ac, 27.50\u20ac\/20 min KELA kompensatsiooniga<\/span><\/p>\n<p><span style=\"color: #000000;\"><span style=\"font-size: medium;\">Ravileping<\/span><\/span><span style=\"font-size: medium;\"> patsiendile, kes on minemas operatsioonile 150 \u20ac ( sisaldab vastuv\u00f5ttu ja <\/span><span style=\"color: #000000;\"><span style=\"font-size: medium;\">kontorimaksu<\/span><\/span><span style=\"font-size: medium;\">)<\/span><\/p>\n<p><span style=\"font-size: medium;\">E-konsultatsioon patsiendile, kes on tulemas Eesti operatsioonile v\u00e4lismaalt 114 \u20ac ( kirjalikud operatsiooniriskid ja j\u00e4relravi juhised).<\/span><\/p>\n<\/div>\n<\/div>\n<div>\n<div>\n<p>*\u00a0Antud tekstis toodud n\u00e4ited on individuaalsed ja tulemused v\u00f5ivad erineda erinevate patsientide puhul. V\u00f5ta \u00fchendust arstiga t\u00e4psema informatsiooni saamiseks.<\/p>\n<\/div>\n<\/div>\n","protected":false},"excerpt":{"rendered":"<p>Uuendatud 15.2.2024 \u00dcldkirurgia Paketihind sisaldab: vereanal\u00fc\u00fcsid, anesteesia, operatsioon Tallinnas \u00dclekaalulisuse kirurgia (bariaatriline kirurgia) 2017* Paketihind sisaldab \u2013 veranal\u00fc\u00fcsid, anesteesia, operatsioon, majutus haiglas Operatsioon Paketi hind J\u00e4relmaks*, 12 kuud Vertikaalne maoresektsioon ehk sleeve alates 5 990\u20ac 599 \u20ac\/kk Maov\u00e4hendusl\u00f5ikus ehk Bypass alates 5 990\u20ac 599 \u20ac\/kk Maoballoon 6kk alates 2 850\u20ac 285 \u20ac\/kk Kirurg dr. R.&hellip; <a class=\"read-more\" href=\"https:\/\/www.mediresor.se\/et\/hinnad\/\">Read More<\/a><\/p>\n","protected":false},"author":1,"featured_media":0,"parent":0,"menu_order":0,"comment_status":"open","ping_status":"open","template":"page-rightsidebar.php","meta":{"footnotes":""},"class_list":["post-445","page","type-page","status-publish","hentry"],"_links":{"self":[{"href":"https:\/\/www.mediresor.se\/et\/wp-json\/wp\/v2\/pages\/445","targetHints":{"allow":["GET"]}}],"collection":[{"href":"https:\/\/www.mediresor.se\/et\/wp-json\/wp\/v2\/pages"}],"about":[{"href":"https:\/\/www.mediresor.se\/et\/wp-json\/wp\/v2\/types\/page"}],"author":[{"embeddable":true,"href":"https:\/\/www.mediresor.se\/et\/wp-json\/wp\/v2\/users\/1"}],"replies":[{"embeddable":true,"href":"https:\/\/www.mediresor.se\/et\/wp-json\/wp\/v2\/comments?post=445"}],"version-history":[{"count":5,"href":"https:\/\/www.mediresor.se\/et\/wp-json\/wp\/v2\/pages\/445\/revisions"}],"predecessor-version":[{"id":1886,"href":"https:\/\/www.mediresor.se\/et\/wp-json\/wp\/v2\/pages\/445\/revisions\/1886"}],"wp:attachment":[{"href":"https:\/\/www.mediresor.se\/et\/wp-json\/wp\/v2\/media?parent=445"}],"curies":[{"name":"wp","href":"https:\/\/api.w.org\/{rel}","templated":true}]}}