{"id":447,"date":"2015-04-24T21:03:57","date_gmt":"2015-04-24T20:03:57","guid":{"rendered":"http:\/\/www.mediresor.se\/terveyspalvelut-2\/"},"modified":"2015-06-11T21:00:02","modified_gmt":"2015-06-11T20:00:02","slug":"teenused","status":"publish","type":"page","link":"https:\/\/www.mediresor.se\/et\/teenused\/","title":{"rendered":"Teenused"},"content":{"rendered":"<h3>Gastro- ja yleiskirurgian erikoisl\u00e4\u00e4k\u00e4rit suorittaa seuraavia leikkauksia:<\/h3>\n<ul>\n<li>suonikohjuleikkaus<\/li>\n<li>suonikohjujen vaahtoruiskutus<\/li>\n<li>sappileikkaus<\/li>\n<li>tyr\u00e4leikkaus (nivustyr\u00e4leikkaus, napatyr\u00e4leikkaus, arpityr\u00e4leikkaus)<\/li>\n<li>tyr\u00e4leikkaus t\u00e4hyst\u00e4m\u00e4ll\u00e4<\/li>\n<li>per\u00e4pukamien leikkaukset (PPH)<\/li>\n<li>luomien poisto<\/li>\n<\/ul>\n<h3>Ortopedian ja k\u00e4sikirurgian\u00a0erikoisl\u00e4\u00e4k\u00e4rit suorittaa\u00a0seuraavia\u00a0leikkauksia:<\/h3>\n<ul>\n<li>polven t\u00e4hystysleikkaus<\/li>\n<li>polven nivelkierukan korjausleikkaus<\/li>\n<li>vaivaisenluuleikkaus<\/li>\n<li>rannekanavan ahtauman leikkaus<\/li>\n<li>olkanivelen t\u00e4hystysleikkaus<\/li>\n<li>tekonivelleikkaus (polvi, lonkka)<\/li>\n<li>muut t\u00e4hystysleikkaukset<\/li>\n<li>p\u00e4iv\u00e4kirurgiset toimenpiteet.<\/li>\n<\/ul>\n<h3>Naistentautien\u00a0erikoisl\u00e4\u00e4k\u00e4rit suorittaa\u00a0seuraavia\u00a0leikkauksia:<\/h3>\n<ul>\n<li>\u00a0t\u00e4hystys (hysteroskopia, laparoskopia)<\/li>\n<li>kohdun poisto<\/li>\n<li>myooman poisto<\/li>\n<li>virtsakarkailun leikkaus<\/li>\n<li>kohtuontelon kavinta<\/li>\n<li>konisaatio<\/li>\n<li>kystan poisto<\/li>\n<li>sterilisaatio<\/li>\n<li>muut p\u00e4iv\u00e4kirurgiset toimeenpiteet.<\/li>\n<\/ul>\n","protected":false},"excerpt":{"rendered":"<p>Gastro- ja yleiskirurgian erikoisl\u00e4\u00e4k\u00e4rit suorittaa seuraavia leikkauksia: suonikohjuleikkaus suonikohjujen vaahtoruiskutus sappileikkaus tyr\u00e4leikkaus (nivustyr\u00e4leikkaus, napatyr\u00e4leikkaus, arpityr\u00e4leikkaus) tyr\u00e4leikkaus t\u00e4hyst\u00e4m\u00e4ll\u00e4 per\u00e4pukamien leikkaukset (PPH) luomien poisto Ortopedian ja k\u00e4sikirurgian\u00a0erikoisl\u00e4\u00e4k\u00e4rit suorittaa\u00a0seuraavia\u00a0leikkauksia: polven t\u00e4hystysleikkaus polven nivelkierukan korjausleikkaus vaivaisenluuleikkaus rannekanavan ahtauman leikkaus olkanivelen t\u00e4hystysleikkaus tekonivelleikkaus (polvi, lonkka) muut t\u00e4hystysleikkaukset p\u00e4iv\u00e4kirurgiset toimenpiteet. Naistentautien\u00a0erikoisl\u00e4\u00e4k\u00e4rit suorittaa\u00a0seuraavia\u00a0leikkauksia: \u00a0t\u00e4hystys (hysteroskopia, laparoskopia) kohdun poisto myooman poisto virtsakarkailun leikkaus&hellip; <a class=\"read-more\" href=\"https:\/\/www.mediresor.se\/et\/teenused\/\">Read More<\/a><\/p>\n","protected":false},"author":1,"featured_media":0,"parent":0,"menu_order":0,"comment_status":"open","ping_status":"closed","template":"page-rightsidebar2.php","meta":{"footnotes":""},"class_list":["post-447","page","type-page","status-publish","hentry"],"_links":{"self":[{"href":"https:\/\/www.mediresor.se\/et\/wp-json\/wp\/v2\/pages\/447","targetHints":{"allow":["GET"]}}],"collection":[{"href":"https:\/\/www.mediresor.se\/et\/wp-json\/wp\/v2\/pages"}],"about":[{"href":"https:\/\/www.mediresor.se\/et\/wp-json\/wp\/v2\/types\/page"}],"author":[{"embeddable":true,"href":"https:\/\/www.mediresor.se\/et\/wp-json\/wp\/v2\/users\/1"}],"replies":[{"embeddable":true,"href":"https:\/\/www.mediresor.se\/et\/wp-json\/wp\/v2\/comments?post=447"}],"version-history":[{"count":1,"href":"https:\/\/www.mediresor.se\/et\/wp-json\/wp\/v2\/pages\/447\/revisions"}],"predecessor-version":[{"id":448,"href":"https:\/\/www.mediresor.se\/et\/wp-json\/wp\/v2\/pages\/447\/revisions\/448"}],"wp:attachment":[{"href":"https:\/\/www.mediresor.se\/et\/wp-json\/wp\/v2\/media?parent=447"}],"curies":[{"name":"wp","href":"https:\/\/api.w.org\/{rel}","templated":true}]}}