{"id":20,"date":"2015-04-24T21:05:07","date_gmt":"2015-04-24T20:05:07","guid":{"rendered":"http:\/\/www.mediresor.se\/?page_id=20"},"modified":"2015-04-26T19:52:22","modified_gmt":"2015-04-26T18:52:22","slug":"verkkokauppa","status":"publish","type":"page","link":"https:\/\/www.mediresor.se\/fi\/klinikkasta\/verkkokauppa\/","title":{"rendered":"Verkkokauppa"},"content":{"rendered":"<p><span style=\"font-size: x-large;\"><a href=\"http:\/\/www.holvi.com\/shop\/medimatkat\">Eritt\u00e4in edulliset l\u00e4\u00e4ketieteelliset tukisukat<\/a><\/span><\/p>\n<p>Tukisukan koko<\/p>\n<table>\n<tbody>\n<tr>\n<td><\/td>\n<td>1<\/td>\n<td>2<\/td>\n<td>3<\/td>\n<td>4<\/td>\n<td>5<\/td>\n<td>6<\/td>\n<\/tr>\n<tr>\n<td><\/td>\n<td>XS<\/td>\n<td>S<\/td>\n<td>M<\/td>\n<td>L<\/td>\n<td>XL<\/td>\n<td>XXL<\/td>\n<\/tr>\n<tr>\n<td>Pituus, cm<\/td>\n<td>150-156<\/td>\n<td>150-165<\/td>\n<td>156-173<\/td>\n<td>162-179<\/td>\n<td>168-183<\/td>\n<td>173-183<\/td>\n<\/tr>\n<tr>\n<td>Paino, kg<\/td>\n<td>43-49<\/td>\n<td>52-58<\/td>\n<td>61-67<\/td>\n<td>70-77<\/td>\n<td>81-88<\/td>\n<td>92-99<\/td>\n<\/tr>\n<tr>\n<td><b>Nilkka, cm<br \/>\n<\/b><\/td>\n<td><b>17-19<br \/>\n<\/b><\/td>\n<td><b>19-21<br \/>\n<\/b><\/td>\n<td><b>21-23<br \/>\n<\/b><\/td>\n<td><b>23-25<br \/>\n<\/b><\/td>\n<td><b>25-27<br \/>\n<\/b><\/td>\n<td><b>27-30<br \/>\n<\/b><\/td>\n<\/tr>\n<tr>\n<td>S\u00e4\u00e4ren yl\u00e4osa, cm<\/td>\n<td>29-31<\/td>\n<td>31-33<\/td>\n<td>33-35<\/td>\n<td>35-37<\/td>\n<td>37-39<\/td>\n<td>39-42<\/td>\n<\/tr>\n<tr>\n<td>Reisi, cm<\/td>\n<td>46-49<\/td>\n<td>49-52<\/td>\n<td>52-55<\/td>\n<td>55-58<\/td>\n<td>58-62<\/td>\n<td>62-66<\/td>\n<\/tr>\n<tr>\n<td>Keng\u00e4n nro<\/td>\n<td>35-36<\/td>\n<td>36-37<\/td>\n<td>37-39<\/td>\n<td>39-41<\/td>\n<td>41-43<\/td>\n<td>43-45<\/td>\n<\/tr>\n<\/tbody>\n<\/table>\n","protected":false},"excerpt":{"rendered":"<p>Eritt\u00e4in edulliset l\u00e4\u00e4ketieteelliset tukisukat Tukisukan koko 1 2 3 4 5 6 XS S M L XL XXL Pituus, cm 150-156 150-165 156-173 162-179 168-183 173-183 Paino, kg 43-49 52-58 61-67 70-77 81-88 92-99 Nilkka, cm 17-19 19-21 21-23 23-25 25-27 27-30 S\u00e4\u00e4ren yl\u00e4osa, cm 29-31 31-33 33-35 35-37 37-39 39-42 Reisi, cm 46-49 49-52&hellip; <a class=\"read-more\" href=\"https:\/\/www.mediresor.se\/fi\/klinikkasta\/verkkokauppa\/\">Read More<\/a><\/p>\n","protected":false},"author":1,"featured_media":0,"parent":16,"menu_order":0,"comment_status":"open","ping_status":"closed","template":"page-rightsidebar2.php","meta":{"footnotes":""},"class_list":["post-20","page","type-page","status-publish","hentry"],"_links":{"self":[{"href":"https:\/\/www.mediresor.se\/fi\/wp-json\/wp\/v2\/pages\/20","targetHints":{"allow":["GET"]}}],"collection":[{"href":"https:\/\/www.mediresor.se\/fi\/wp-json\/wp\/v2\/pages"}],"about":[{"href":"https:\/\/www.mediresor.se\/fi\/wp-json\/wp\/v2\/types\/page"}],"author":[{"embeddable":true,"href":"https:\/\/www.mediresor.se\/fi\/wp-json\/wp\/v2\/users\/1"}],"replies":[{"embeddable":true,"href":"https:\/\/www.mediresor.se\/fi\/wp-json\/wp\/v2\/comments?post=20"}],"version-history":[{"count":2,"href":"https:\/\/www.mediresor.se\/fi\/wp-json\/wp\/v2\/pages\/20\/revisions"}],"predecessor-version":[{"id":74,"href":"https:\/\/www.mediresor.se\/fi\/wp-json\/wp\/v2\/pages\/20\/revisions\/74"}],"up":[{"embeddable":true,"href":"https:\/\/www.mediresor.se\/fi\/wp-json\/wp\/v2\/pages\/16"}],"wp:attachment":[{"href":"https:\/\/www.mediresor.se\/fi\/wp-json\/wp\/v2\/media?parent=20"}],"curies":[{"name":"wp","href":"https:\/\/api.w.org\/{rel}","templated":true}]}}