{"id":361,"date":"2015-06-11T18:25:34","date_gmt":"2015-06-11T17:25:34","guid":{"rendered":"http:\/\/www.mediresor.se\/?page_id=361"},"modified":"2018-11-12T10:33:40","modified_gmt":"2018-11-12T10:33:40","slug":"mageplastikk","status":"publish","type":"page","link":"https:\/\/www.mediresor.se\/nb\/mageplastikk\/","title":{"rendered":"Mageplastikk"},"content":{"rendered":"<h1 class=\"western\" lang=\"nb-NO\">Mageplastikk*<\/h1>\n<table width=\"741\">\n<tbody>\n<tr>\n<td><\/td>\n<td>Lege: dr.\u00a0P. Kirjanen<\/p>\n<p>Blodpr\u00f8v er inkludert i prisen.<\/p>\n<p>Anestesi\u00a0inkludert i prisen.<\/p>\n<p>LipoElastic (bandage) er inkludert i prisen<\/p>\n<p>2 dagers opphold p\u00e5 sykehuset er inkludert i prisen.<\/p>\n<p>&nbsp;<\/p>\n<p><img loading=\"lazy\" decoding=\"async\" class=\"alignleft size-medium wp-image-531\" src=\"http:\/\/www.mediresor.se\/wp-content\/uploads\/2015\/08\/vatsan_muotoilu_rasvaimu_rintojen_suurennus-300x300.jpg\" alt=\"vatsan_muotoilu_rasvaimu_rintojen_suurennus\" width=\"300\" height=\"300\" srcset=\"https:\/\/mediresor.se\/wp-content\/uploads\/2015\/08\/vatsan_muotoilu_rasvaimu_rintojen_suurennus-300x300.jpg 300w, https:\/\/mediresor.se\/wp-content\/uploads\/2015\/08\/vatsan_muotoilu_rasvaimu_rintojen_suurennus.jpg 960w\" sizes=\"auto, (max-width: 300px) 100vw, 300px\" \/><\/p>\n<p>**<\/p>\n<p>&nbsp;<\/p>\n<p>&nbsp;<\/p>\n<p>&nbsp;<\/p>\n<p>&nbsp;<\/td>\n<\/tr>\n<\/tbody>\n<\/table>\n<div class=\"page\" title=\"Page 1\"><\/div>\n<div class=\"page\" title=\"Page 1\">\n<p class=\"p1\"><span class=\"s1\">\u00a0<\/span><\/p>\n<\/div>\n<p>&nbsp;<\/p>\n<p class=\"p1\"><span class=\"s1\">Un\u00f8dvendig hud p\u00e5 nedre del av magen er noe b\u00e5de menn og kvinner opplever etter stort vekttap. Kvinner opplever det ogs\u00e5 etter graviditet. I alle tilfeller det et estetisk problem.<\/span><\/p>\n<p class=\"p1\"><span class=\"s1\">Denne operasjonen gir deg den magen du fortjener etter trening og sunn livsstil.<\/span><\/p>\n<p class=\"p1\">\n<p class=\"p1\"><span class=\"s1\">HVORDAN PROSESSEN FUNGERER<\/span><\/p>\n<p class=\"p1\"><span class=\"s1\">F\u00f8r vi avtaler tid for operasjonen klarlegger vi i fellesskap dine forventninger og v\u00e5re muligheter for \u00e5 oppfylle disse forventningene. Vi vurderer din allmenne helsetilstand og utf\u00f8rer unders\u00f8kelser og m\u00e5linger.<\/span><\/p>\n<p class=\"p1\"><span class=\"s1\">I henhold til mottatte data lager vi et pristilbud til deg. Vi foresl\u00e5r ogs\u00e5 aktuelle datoer for operasjonen.<\/span><\/p>\n<p class=\"p1\"><span class=\"s1\">Dersom det passer, ber vi deg om opplysninger slik at du kan bekrefte reservasjonen og g\u00e5 videre med konsultasjon over e-post og\/eller telefon.<\/span><\/p>\n<p class=\"p1\"><span class=\"s1\">Mini-mageplastikk eller vanlig mageplastikkoperasjon utf\u00f8res av dr. Pille Kirjanen, som har lang erfaring og er lisensiert plastisk kirurg.<\/span><\/p>\n<p class=\"p1\"><span class=\"s1\">Selve operasjonen utf\u00f8res under full narkose og varer fra 1 til 1,5 timer. Under operasjonen fjernes den overfl\u00f8dige huden og magemusklene strammes.<\/span><\/p>\n<p class=\"p1\"><span class=\"s1\">Denne operasjonen m\u00e5 ikke forveksles med fettsuging, selv om de to ogs\u00e5 kan gjennomf\u00f8res i kombinasjon. Men den avgj\u00f8relsen m\u00e5 tas av b\u00e5de pasienten og legen.<\/span><\/p>\n<p class=\"p1\"><span class=\"s1\">Etter operasjonen oppholder du deg 1-2 dager til ved v\u00e5r klinikk.<\/span><\/p>\n<p class=\"p1\"><span class=\"s1\">Rekonvalesens etter operasjonen kan ta 4-6 uker. De f\u00f8rste dagene kan du oppleve vansker med \u00e5 rette deg opp. Men dette g\u00e5r fort over. Derimot f\u00e5r du med st\u00f8tteundert\u00f8y\/korsett av sv\u00e6rt h\u00f8y kvalitet som du m\u00e5 bruke konsekvent i 4-6 uker. Likevel anbefales det \u00e5 unng\u00e5 tung fysisk belastning i l\u00f8pet av de f\u00f8rste ukene.<\/span><\/p>\n<p class=\"p1\">\n<p class=\"p1\"><span class=\"s1\">HVOR SKJER OPERASJONEN<\/span><\/p>\n<p class=\"p1\"><span class=\"s1\">Hele prosessen skjer i Tallinn i en ny privatklinikk for plastisk kirurgi, bygd i \u00e5rene 2016-2017 og spesialisert p\u00e5 \u00e5 tilby tjenester innen plastisk kirurgi p\u00e5 h\u00f8yt niv\u00e5. Tallinn ligger om lag en times flyreise unna for deg. Her ventes du av et 5-stjerners hotell med nordisk kvalitet og service til en rimelig pris.<\/span><\/p>\n<p class=\"p1\"><span class=\"s1\">Ved v\u00e5r klinikk har det hvert \u00e5r v\u00e6rt utf\u00f8rt vellykkede operasjoner p\u00e5 n\u00e6rmere 300 pasienter fra Skandinavia, i tillegg til lokale pasienter. Vi har sv\u00e6rt gode erfaringer med organisering av behandlings- og reiseprosessen for utenlandske pasienter, der m\u00e5let er \u00e5 gi et best mulig estetisk resultat og sikre pasientens trygghet.<\/span><\/p>\n<p class=\"p1\"><span class=\"s1\">I tillegg til \u00e5 v\u00e6re profesjonelle er klinikkens ansatte ogs\u00e5 sv\u00e6rt vennlige og st\u00f8ttende.<\/span><\/p>\n<p class=\"p1\">\n<p class=\"p1\"><span class=\"s1\">Ta kontakt om du vil sende en foresp\u00f8rsel eller om du skulle ha tilleggssp\u00f8rsm\u00e5l ang\u00e5ende denne operasjonen. Vi venter din samtale p\u00e5 +467 36 36 36 90 eller ditt brev p\u00e5 adresse info@mediresor.se.<\/span><\/p>\n<p>&nbsp;<\/p>\n<h1 class=\"western\" lang=\"sv-SE\"><a class=\"loerohkem\" href=\"http:\/\/www.mediresor.se\/nb\/mageplastikk-les-mer\/\">LES MER<\/a><\/h1>\n<p>&nbsp;<\/p>\n<p>&nbsp;<\/p>\n<p>&nbsp;<\/p>\n<p>&nbsp;<\/p>\n<p>&nbsp;<\/p>\n<p><img loading=\"lazy\" decoding=\"async\" class=\"alignleft size-medium wp-image-536\" src=\"http:\/\/www.mediresor.se\/wp-content\/uploads\/2015\/08\/vatsan_muotoilu_rasvaimu_rintojen_suurennus-2-300x300.jpg\" alt=\"vatsan_muotoilu_rasvaimu_rintojen_suurennus (2)\" width=\"300\" height=\"300\" srcset=\"https:\/\/mediresor.se\/wp-content\/uploads\/2015\/08\/vatsan_muotoilu_rasvaimu_rintojen_suurennus-2-300x300.jpg 300w, https:\/\/mediresor.se\/wp-content\/uploads\/2015\/08\/vatsan_muotoilu_rasvaimu_rintojen_suurennus-2.jpg 960w\" sizes=\"auto, (max-width: 300px) 100vw, 300px\" \/><\/p>\n<p>**<\/p>\n<p>&nbsp;<\/p>\n<p>&nbsp;<\/p>\n<p>&nbsp;<\/p>\n<p>&nbsp;<\/p>\n<p>&nbsp;<\/p>\n<p>&nbsp;<\/p>\n<p>&nbsp;<\/p>\n<p>&nbsp;<\/p>\n<p>&nbsp;<\/p>\n<p>(c) Mediresor, dr. P. Kirjanen<\/p>\n<p>*\u00a0 Eksemplene er gitt i teksten er generelle og kan variere avhengig av behovene til pasientene. Ta kontakt med en lege for ytterligere informasjon.<\/p>\n<p>**\u00a0Dette er en reell anbefaling fra v\u00e5r kunde. Ogs\u00e5 v\u00e6re klar over at slike resultater ikke kan lovet eller garantert.<\/p>\n","protected":false},"excerpt":{"rendered":"<p>Mageplastikk* Lege: dr.\u00a0P. Kirjanen Blodpr\u00f8v er inkludert i prisen. Anestesi\u00a0inkludert i prisen. LipoElastic (bandage) er inkludert i prisen 2 dagers opphold p\u00e5 sykehuset er inkludert i prisen. &nbsp; ** &nbsp; &nbsp; &nbsp; &nbsp; \u00a0 &nbsp; Un\u00f8dvendig hud p\u00e5 nedre del av magen er noe b\u00e5de menn og kvinner opplever etter stort vekttap. Kvinner opplever det&hellip; <a class=\"read-more\" href=\"https:\/\/www.mediresor.se\/nb\/mageplastikk\/\">Read More<\/a><\/p>\n","protected":false},"author":1,"featured_media":0,"parent":0,"menu_order":0,"comment_status":"open","ping_status":"open","template":"page-rightsidebar2.php","meta":{"footnotes":""},"class_list":["post-361","page","type-page","status-publish","hentry"],"_links":{"self":[{"href":"https:\/\/www.mediresor.se\/nb\/wp-json\/wp\/v2\/pages\/361","targetHints":{"allow":["GET"]}}],"collection":[{"href":"https:\/\/www.mediresor.se\/nb\/wp-json\/wp\/v2\/pages"}],"about":[{"href":"https:\/\/www.mediresor.se\/nb\/wp-json\/wp\/v2\/types\/page"}],"author":[{"embeddable":true,"href":"https:\/\/www.mediresor.se\/nb\/wp-json\/wp\/v2\/users\/1"}],"replies":[{"embeddable":true,"href":"https:\/\/www.mediresor.se\/nb\/wp-json\/wp\/v2\/comments?post=361"}],"version-history":[{"count":5,"href":"https:\/\/www.mediresor.se\/nb\/wp-json\/wp\/v2\/pages\/361\/revisions"}],"predecessor-version":[{"id":1506,"href":"https:\/\/www.mediresor.se\/nb\/wp-json\/wp\/v2\/pages\/361\/revisions\/1506"}],"wp:attachment":[{"href":"https:\/\/www.mediresor.se\/nb\/wp-json\/wp\/v2\/media?parent=361"}],"curies":[{"name":"wp","href":"https:\/\/api.w.org\/{rel}","templated":true}]}}