{"id":367,"date":"2015-06-11T18:30:05","date_gmt":"2015-06-11T17:30:05","guid":{"rendered":"http:\/\/www.mediresor.se\/?page_id=367"},"modified":"2016-03-19T12:53:06","modified_gmt":"2016-03-19T12:53:06","slug":"gynekomasti","status":"publish","type":"page","link":"https:\/\/www.mediresor.se\/nb\/gynekomasti\/","title":{"rendered":"Gynekomasti"},"content":{"rendered":"<h1 class=\"western\" lang=\"nb-NO\">Gynekomasti*<\/h1>\n<p>Gynekomasti er en tilstand med unormalt store bryster hos menn. Dette er et vanlig problem i l\u00f8pet av en manns levetid og i visse aldersgrupper blir det sett p\u00e5 som aldersbetinget og ikke sykelig (nyf\u00f8dte, ten\u00e5ringsgutter og eldre menn).<\/p>\n<p>\u00c5rsaken er for det meste ukjent da forst\u00f8rret brystvev hos menn kan ha sin rot i ulike medisinske tilstander (svulster i testikler, fedme, hypofunksjon av nyrer og lever, HIV, kronisk sykdom), medisinering (anabole steroider, enkelte anti-mikrobielle medisiner for reduksjon av magesyre, hjertemedisiner osv.) og rusmiddelmisbruk (alkohol, marihuana, amfetamin, heroin).<\/p>\n<p>Vanligvis oppst\u00e5r gynekomasti p\u00e5 begge sider, men kan ogs\u00e5 oppst\u00e5 p\u00e5 \u00e9n side.<\/p>\n<p>Gynekomasti opptil 1 \u00e5r, g\u00e5r som regel tilbake av seg selv.<\/p>\n<p><strong class=\"western\">Pre-kirurgisk konsultasjon<\/strong><br \/>\nPasientens forventninger og muligheter til \u00e5 realisere \u00f8nskene sine blir etablert. Pasientens medisinske historie blir diskutert, familie-anamnese av brystkreft er avgj\u00f8rende, det sp\u00f8rres om endringer i brystene og varigheten av problemet og aktuell bruk av medisiner. Om n\u00f8dvendig, blir det foreskrevet ytterligere analyser og unders\u00f8kelser. Det anbefales \u00e5 stabilisere pasientens vekt f\u00f8r inngrepet.<\/p>\n<p><strong class=\"western\">Under kontrollen unders\u00f8kes bryst og brystkjertler <\/strong>(endringer i vev, asymmetrier, overfl\u00f8dig hud, st\u00f8rrelse og plassering av brystvorte-areola), samt vurdering av hudens kvalitet. Pasientens brystomr\u00e5de fotograferes for den historiske saksgangen. Brystene blir m\u00e5lt og operasjonsmetoden og plassering av fremtidig arr blir etablert.<\/p>\n<p><b>Operasjonen<\/b><\/p>\n<p>Operasjonen utf\u00f8res med vanlig anestesi og tar normalt 1-2 timer. Inngrepet er en kombinasjon av \u00e5 fjerne overfl\u00f8dig vev og hud. Den mest brukte metoden er fettsuging, og om n\u00f8dvendig, kirurgisk fjerning av kjertelvevet og\/eller overfl\u00f8dig hud.<\/p>\n<p><strong class=\"western\">Restitusjon <\/strong><\/p>\n<p><a name=\"__mceDel111\"><\/a><em class=\"western\">Pasienten skrives normalt ut morgenen etter operasjonen.<\/em><\/p>\n<p>Restitusjonen er individuell for hver enkelt pasient. Post-kirurgisk smertestillende middel er n\u00f8dvendig de f\u00f8rste dagene p\u00e5 grunn av hevelse for\u00e5rsaket av traumatisert vev. Snittene dekkes med s\u00e5rlukkingstape og bandasjer i inntil 2 uker og f\u00f8lges opp med arr-omsorg. Kompresjonsvest m\u00e5 brukes d\u00f8gnet rundt i l\u00f8pet av de f\u00f8rste 4-6 ukene og deretter kompresjon under trening i ytterligere 4-6 uker. Un\u00f8dvendig trening b\u00f8r unng\u00e5s under de f\u00f8rste ukene etter operasjonen.<\/p>\n<p><strong class=\"western\">Mulig risiko<\/strong><\/p>\n<p>Rett etter operasjonen er det mulighet for langvarig hevelse, ubehag, endringer i brystvortenes f\u00f8lsomhet, samt subdermale hematomer. Hvis det oppst\u00e5r et hematom i brystet, kan det bli n\u00f8dvendig med ny operasjon. Infeksjoner er sjeldne. Asymmetri er vanlig. Mulighet for skrumpet vev eller utilfredshet med resultatene p\u00e5 grunn av utilstrekkelig eller overdreven fjerning av vev.<\/p>\n<p>&nbsp;<\/p>\n<p>*\u00a0 Eksemplene er gitt i teksten er generelle og kan variere avhengig av behovene til pasientene. Ta kontakt med en lege for ytterligere informasjon.<\/p>\n","protected":false},"excerpt":{"rendered":"<p>Gynekomasti* Gynekomasti er en tilstand med unormalt store bryster hos menn. Dette er et vanlig problem i l\u00f8pet av en manns levetid og i visse aldersgrupper blir det sett p\u00e5 som aldersbetinget og ikke sykelig (nyf\u00f8dte, ten\u00e5ringsgutter og eldre menn). \u00c5rsaken er for det meste ukjent da forst\u00f8rret brystvev hos menn kan ha sin rot&hellip; <a class=\"read-more\" href=\"https:\/\/www.mediresor.se\/nb\/gynekomasti\/\">Read More<\/a><\/p>\n","protected":false},"author":1,"featured_media":0,"parent":0,"menu_order":0,"comment_status":"open","ping_status":"open","template":"page-rightsidebar2.php","meta":{"footnotes":""},"class_list":["post-367","page","type-page","status-publish","hentry"],"_links":{"self":[{"href":"https:\/\/www.mediresor.se\/nb\/wp-json\/wp\/v2\/pages\/367","targetHints":{"allow":["GET"]}}],"collection":[{"href":"https:\/\/www.mediresor.se\/nb\/wp-json\/wp\/v2\/pages"}],"about":[{"href":"https:\/\/www.mediresor.se\/nb\/wp-json\/wp\/v2\/types\/page"}],"author":[{"embeddable":true,"href":"https:\/\/www.mediresor.se\/nb\/wp-json\/wp\/v2\/users\/1"}],"replies":[{"embeddable":true,"href":"https:\/\/www.mediresor.se\/nb\/wp-json\/wp\/v2\/comments?post=367"}],"version-history":[{"count":3,"href":"https:\/\/www.mediresor.se\/nb\/wp-json\/wp\/v2\/pages\/367\/revisions"}],"predecessor-version":[{"id":707,"href":"https:\/\/www.mediresor.se\/nb\/wp-json\/wp\/v2\/pages\/367\/revisions\/707"}],"wp:attachment":[{"href":"https:\/\/www.mediresor.se\/nb\/wp-json\/wp\/v2\/media?parent=367"}],"curies":[{"name":"wp","href":"https:\/\/api.w.org\/{rel}","templated":true}]}}